{"id":14,"date":"2022-06-08T11:49:29","date_gmt":"2022-06-08T11:49:29","guid":{"rendered":"https:\/\/basis.onderderodeparaplu.nl\/?page_id=14"},"modified":"2026-03-27T11:46:34","modified_gmt":"2026-03-27T10:46:34","slug":"home","status":"publish","type":"page","link":"https:\/\/duovorm.com\/nl\/","title":{"rendered":"Home"},"content":{"rendered":"<h2>\n\t\t\tWelkom bij Duovorm\t<\/h2>\n\t<p>Duovorm werkt samen met jou aan het beste klusresultaat. Met meer dan 15.000 producten op voorraad helpen we zowel de professional als de doe-het-zelver bij het realiseren van hun projecten. Duovorm bestaat uit meerdere online shops, om meerdere sectoren te kunnen voorzien van de beste klusbenodigdheden. Onze shops zijn stuk voor stuk opgezet om jouw visie werkelijkheid te laten worden. Naast een enorm assortiment hoogwaardige producten, kun je natuurlijk ook terecht bij Duovorm voor deskundige ondersteuning bij jouw klus, aangeboden door \u00e9\u00e9n van onze specialisten.<\/p>\n<p>Doordat Duovorm uiteenlopende gespecialiseerde shops omvat, kunnen wij verschillende industrie\u00ebn bedienen. Of jouw project nu nog in de kinderschoenen staat of al klaar is om afgerond te worden: voor iedere fase van ieder project bieden onze shops uitkomst.<\/p>\n\t\t\t\t\t\t<h3>Onze shops<\/h3>\t\t\t\t\t\n\t\t\t\tMeubelbeslagOnline\n\t\t\t\t<p>Meubel, interieur of tuin vanaf het begin zelf opbouwen? Of simpelweg een onderdeel vervangen dat niet meer functioneert of bevalt? MeubelbeslagOnline is er volledig op ingericht om met het grootste gemak het juiste meubel-, interieur-, tuin- en scheepsbeslag te vinden. Kwalitatief, veilig en snel klussen mogelijk maken is het doel. Een enorm assortiment, verdeeld over deze categorie\u00ebn, helpt hierbij. Als \u00e9\u00e9n van de grootste spelers in de vervangingsmarkt, helpen wij jaarlijks meer dan 100.000 klanten aan het juiste onderdeel. Hierbij kun je denken aan scharnieren, ladegeleiders, complete laden, kastinrichtingsystemen en meubelgrepen voor in huis, buitenshuis en zelfs op zee. Onder andere topmerken als Blum, Hettich, Salice en Grass vind je op deze shop.<\/p>\n\t\t\t\tKlusOnderdelen\n\t\t\t\t<p>Voor meubelbeslag en keukenonderdelen kun je terecht bij klusonderdelen.nl. Deze shop heeft een ruim assortiment, waarbinnen verschillende categorie\u00ebn jou helpen aan het juiste onderdeel voor jouw project. Ook bij KlusOnderdelen kun je terecht voor topmerken als Blum, Hettich, Salice en Grass. Alleen het beste is goed genoeg voor jouw klus. Een gedachte die wordt ondersteund door beslag en gereedschap van de hoogste kwaliteit, dat wij aanbieden via KlusOnderdelen.<\/p>\n\t\t\t\tScharnierWinkel\n\t\t\t\t<p>At Scharnierwinkel, you&#8217;ll discover the highest quality in furniture fittings and kitchen components. Our store offers an extensive selection of categories to help you find the perfect parts for your DIY renovation projects at home. Moreover, Scharnierwinkel features top brands such as Blum, Hettich, Salice, and Grass. Only the absolute best is acceptable for your project. This commitment reflects the superior products and tools we provide at Scharnierwinkel.<\/p>\n\t\t\t\tMeubelbeslagshop\n\t\t\t\t<p>Meubelbeslagshop.nl offers refined furniture fittings for anyone looking to add that extra touch &#8211; from elegant handles and knobs to smart cabinet interiors and reliable technical fittings. The range combines luxury design with functional quality, ensuring every interior not only looks good but works flawlessly.<\/p>\n<p>With a wide selection, well-known premium brands and expert advice, Meubelbeslagshop.nl helps professionals and DIY enthusiasts complete every detail to perfection. As part of the Duovorm E-tail Group, Meubelbeslagshop.nl benefits from strong purchasing power and extensive stock, ensuring fast delivery and consistent quality.<\/p>\n\t\t\t\tMoebelbeschlagshop\n\t\t\t\t<p>Moebelbeschlagshop.de supplies high-quality furniture fittings for the German market, focusing on refined details &#8211; from elegant handles and knobs to well-designed cabinet interiors and reliable functional hardware. The range combines design, durability and practicality, ensuring that furniture and interiors not only look good but also work flawlessly.<\/p>\n<p>Met een ruime keuze, vertrouwde merken en deskundig advies ondersteunt Moebelbeschlagshop.de zowel professionals als doe-het-zelvers in Duitsland bij het afronden van elk project tot in de kleinste details.<\/p>\n\t\t\t\t\t\t<h3>Onze merken<\/h3>\t\t\t\t\t\n\t\t\t\tDuovorm\n\t\t\t\t<p>Our house brand collection &#8216;Duovorm&#8217; comprises of various tools and accessories that are specifically created for the furniture hardware category. In this sense you might want to think of our utility knives, blinds, various types of dill bits, stair nosing profiles and screws. The Duovorm collection is known for its supreme quality, while at the same time maintaining its affordability. This collection takes pride in safeguarding security and enjoyability for every craftsman.<\/p>\n\t\t<!-- Comment to fix spacing issue\n\t-->\n\t\t<h2>0<\/h2>Medewerkers\n\t<!-- Comment to fix spacing issue\n\t-->\t\n\t\t<!-- Comment to fix spacing issue\n\t-->\n\t\t<h2>0<\/h2>Shops\n\t<!-- Comment to fix spacing issue\n\t-->\t\n\t\t<!-- Comment to fix spacing issue\n\t-->\n\t\t<h2>0<\/h2>Producten\n\t<!-- Comment to fix spacing issue\n\t-->\t\n\t\t<!-- Comment to fix spacing issue\n\t-->\n\t\t<h2>0<\/h2>Tevreden klanten\n\t<!-- Comment to fix spacing issue\n\t-->\t\n<h2>\n\t\t\tDuurzaamheid\u00a0\t<\/h2>\n\t<p>Bij Duovorm dragen we ook voor buiten onze eigen muren een hoog verantwoordelijkheidsgevoel met ons mee. Verantwoord ondernemen gaat immers verder dan de eigen organisatie. We hechten daarom veel waarde aan het groeien op een maatschappelijk verantwoorde manier, waarbij milieu, omgeving en mens gespaard wordt. Hoe we dit waarmaken? Duurzaamheid wordt weerspiegelt in onze milieuvriendelijke verpakking, maatschappelijk organiseren \u00e9n duurzaam assortiment.<\/p>\n\t\t\t<a href=\"https:\/\/duovorm.com\/nl\/sustainability\/\"  target=\"_self\">\n\t\t\t\t\t\t\tDUURZAAMHEID BIJ DUOVORM &gt;\n\t\t\t\t\t<\/a>\n<h2>\n\t\t\tOnze merken\t<\/h2>\n\t\t\t\t\t\t<img decoding=\"async\" src=\"https:\/\/duovorm.com\/wp-content\/uploads\/2024\/04\/duovorm-1.png\" alt=\"https:\/\/duovorm.com\/wp-content\/uploads\/2024\/04\/duovorm-1.png\" data-no-lazy=\"1\" \/>\t\t\t\t\t\n\t\t\t<button>Next<\/button>\n\t\t<button>Previous<\/button>\n<h2>\n\t\t\tWerken bij \t<\/h2>\n\t<p>Werken bij Duovorm is voor iedereen. We geloven er bij Duovorm namelijk heilig in dat diversiteit en inclusiviteit de basis vormen van succes. In ons team kan iedereen zich thuis voelen en wordt ieder individu als toegevoegde waarde voor Duovorm gezien. Het team van Duovorm bestaat dan ook uit mensen met verschillende achtergronden en doelen. Een samenstelling die direct onze inzet voor gelijke kansen weerspiegelt.<\/p>\n<p>Wil je ook werken bij de Duovorm? Bekijk dan onze openstaande vacatures.<\/p>\n\t\t\t<a href=\"https:\/\/duovorm.com\/nl\/careers\/\"  target=\"_self\">\n\t\t\t\t\t\t\tVACATURES &gt;\n\t\t\t\t\t<\/a>","protected":false},"excerpt":{"rendered":"<p>Welcome to Duovorm Duovorm collaborates with you to achieve the optimal outcome for your home improvement projects. Stocking over 15,000 products, we accommodate both DIY enthusiasts and professionals in realizing their undertakings. Duovorm comprises of multiple shops, allowing us to cater to diverse sectors with our premium project essentials. Each of these shops is specifically [&hellip;]<\/p>\n","protected":false},"author":1,"featured_media":0,"parent":0,"menu_order":0,"comment_status":"closed","ping_status":"closed","template":"","meta":{"site-sidebar-layout":"no-sidebar","site-content-layout":"page-builder","ast-site-content-layout":"full-width-container","site-content-style":"unboxed","site-sidebar-style":"unboxed","ast-global-header-display":"disabled","ast-banner-title-visibility":"","ast-main-header-display":"","ast-hfb-above-header-display":"","ast-hfb-below-header-display":"","ast-hfb-mobile-header-display":"","site-post-title":"disabled","ast-breadcrumbs-content":"","ast-featured-img":"disabled","footer-sml-layout":"","ast-disable-related-posts":"","theme-transparent-header-meta":"","adv-header-id-meta":"","stick-header-meta":"","header-above-stick-meta":"","header-main-stick-meta":"","header-below-stick-meta":"","astra-migrate-meta-layouts":"set","ast-page-background-enabled":"default","ast-page-background-meta":{"desktop":{"background-color":"var(--ast-global-color-4)","background-image":"","background-repeat":"repeat","background-position":"center center","background-size":"auto","background-attachment":"scroll","background-type":"","background-media":"","overlay-type":"","overlay-color":"","overlay-opacity":"","overlay-gradient":""},"tablet":{"background-color":"","background-image":"","background-repeat":"repeat","background-position":"center center","background-size":"auto","background-attachment":"scroll","background-type":"","background-media":"","overlay-type":"","overlay-color":"","overlay-opacity":"","overlay-gradient":""},"mobile":{"background-color":"","background-image":"","background-repeat":"repeat","background-position":"center center","background-size":"auto","background-attachment":"scroll","background-type":"","background-media":"","overlay-type":"","overlay-color":"","overlay-opacity":"","overlay-gradient":""}},"ast-content-background-meta":{"desktop":{"background-color":"var(--ast-global-color-5)","background-image":"","background-repeat":"repeat","background-position":"center center","background-size":"auto","background-attachment":"scroll","background-type":"","background-media":"","overlay-type":"","overlay-color":"","overlay-opacity":"","overlay-gradient":""},"tablet":{"background-color":"var(--ast-global-color-5)","background-image":"","background-repeat":"repeat","background-position":"center center","background-size":"auto","background-attachment":"scroll","background-type":"","background-media":"","overlay-type":"","overlay-color":"","overlay-opacity":"","overlay-gradient":""},"mobile":{"background-color":"var(--ast-global-color-5)","background-image":"","background-repeat":"repeat","background-position":"center center","background-size":"auto","background-attachment":"scroll","background-type":"","background-media":"","overlay-type":"","overlay-color":"","overlay-opacity":"","overlay-gradient":""}},"footnotes":""},"class_list":["post-14","page","type-page","status-publish","hentry"],"yoast_head":"<!-- This site is optimized with the Yoast SEO plugin v27.4 - https:\/\/yoast.com\/product\/yoast-seo-wordpress\/ -->\n<title>Home - DUOVORM | E-TAIL GROUP<\/title>\n<meta name=\"description\" content=\"Duovorm E-tail Group collaborates with you to achieve the optimal outcome for your home improvement projects.\" \/>\n<meta name=\"robots\" content=\"index, follow, max-snippet:-1, max-image-preview:large, max-video-preview:-1\" \/>\n<link rel=\"canonical\" href=\"https:\/\/duovorm.com\/nl\/\" \/>\n<meta property=\"og:locale\" content=\"nl_NL\" \/>\n<meta property=\"og:type\" content=\"article\" \/>\n<meta property=\"og:title\" content=\"Home - DUOVORM | E-TAIL GROUP\" \/>\n<meta property=\"og:description\" content=\"Duovorm E-tail Group collaborates with you to achieve the optimal outcome for your home improvement projects.\" \/>\n<meta property=\"og:url\" content=\"https:\/\/duovorm.com\/nl\/\" \/>\n<meta property=\"og:site_name\" content=\"DUOVORM | E-TAIL GROUP\" \/>\n<meta property=\"article:modified_time\" content=\"2026-03-27T10:46:34+00:00\" \/>\n<meta property=\"og:image\" content=\"https:\/\/duovorm.com\/wp-content\/uploads\/2024\/04\/duovorm-1.png\" \/>\n<meta name=\"twitter:card\" content=\"summary_large_image\" \/>\n<meta name=\"twitter:label1\" content=\"Geschatte leestijd\" \/>\n\t<meta name=\"twitter:data1\" content=\"5 minuten\" \/>\n<script type=\"application\/ld+json\" class=\"yoast-schema-graph\">{\"@context\":\"https:\\\/\\\/schema.org\",\"@graph\":[{\"@type\":\"WebPage\",\"@id\":\"https:\\\/\\\/duovorm.com\\\/\",\"url\":\"https:\\\/\\\/duovorm.com\\\/\",\"name\":\"Home - DUOVORM | E-TAIL GROUP\",\"isPartOf\":{\"@id\":\"https:\\\/\\\/duovorm.com\\\/#website\"},\"primaryImageOfPage\":{\"@id\":\"https:\\\/\\\/duovorm.com\\\/#primaryimage\"},\"image\":{\"@id\":\"https:\\\/\\\/duovorm.com\\\/#primaryimage\"},\"thumbnailUrl\":\"https:\\\/\\\/duovorm.com\\\/wp-content\\\/uploads\\\/2024\\\/04\\\/duovorm-1.png\",\"datePublished\":\"2022-06-08T11:49:29+00:00\",\"dateModified\":\"2026-03-27T10:46:34+00:00\",\"description\":\"Duovorm E-tail Group collaborates with you to achieve the optimal outcome for your home improvement projects.\",\"breadcrumb\":{\"@id\":\"https:\\\/\\\/duovorm.com\\\/#breadcrumb\"},\"inLanguage\":\"nl-NL\",\"potentialAction\":[{\"@type\":\"ReadAction\",\"target\":[\"https:\\\/\\\/duovorm.com\\\/\"]}]},{\"@type\":\"ImageObject\",\"inLanguage\":\"nl-NL\",\"@id\":\"https:\\\/\\\/duovorm.com\\\/#primaryimage\",\"url\":\"https:\\\/\\\/duovorm.com\\\/wp-content\\\/uploads\\\/2024\\\/04\\\/duovorm-1.png\",\"contentUrl\":\"https:\\\/\\\/duovorm.com\\\/wp-content\\\/uploads\\\/2024\\\/04\\\/duovorm-1.png\"},{\"@type\":\"BreadcrumbList\",\"@id\":\"https:\\\/\\\/duovorm.com\\\/#breadcrumb\",\"itemListElement\":[{\"@type\":\"ListItem\",\"position\":1,\"name\":\"Home\",\"item\":\"https:\\\/\\\/duovorm.com\\\/\"},{\"@type\":\"ListItem\",\"position\":2,\"name\":\"Home\"}]},{\"@type\":\"WebSite\",\"@id\":\"https:\\\/\\\/duovorm.com\\\/#website\",\"url\":\"https:\\\/\\\/duovorm.com\\\/\",\"name\":\"DUOVORM | E-TAIL GROUP\",\"description\":\"\",\"publisher\":{\"@id\":\"https:\\\/\\\/duovorm.com\\\/#organization\"},\"potentialAction\":[{\"@type\":\"SearchAction\",\"target\":{\"@type\":\"EntryPoint\",\"urlTemplate\":\"https:\\\/\\\/duovorm.com\\\/?s={search_term_string}\"},\"query-input\":{\"@type\":\"PropertyValueSpecification\",\"valueRequired\":true,\"valueName\":\"search_term_string\"}}],\"inLanguage\":\"nl-NL\"},{\"@type\":\"Organization\",\"@id\":\"https:\\\/\\\/duovorm.com\\\/#organization\",\"name\":\"DUOVORM | E-TAIL GROUP\",\"url\":\"https:\\\/\\\/duovorm.com\\\/\",\"logo\":{\"@type\":\"ImageObject\",\"inLanguage\":\"nl-NL\",\"@id\":\"https:\\\/\\\/duovorm.com\\\/#\\\/schema\\\/logo\\\/image\\\/\",\"url\":\"https:\\\/\\\/duovorm.com\\\/wp-content\\\/uploads\\\/2024\\\/03\\\/duovorm-etg-logo.png\",\"contentUrl\":\"https:\\\/\\\/duovorm.com\\\/wp-content\\\/uploads\\\/2024\\\/03\\\/duovorm-etg-logo.png\",\"width\":501,\"height\":92,\"caption\":\"DUOVORM | E-TAIL GROUP\"},\"image\":{\"@id\":\"https:\\\/\\\/duovorm.com\\\/#\\\/schema\\\/logo\\\/image\\\/\"}}]}<\/script>\n<!-- \/ Yoast SEO plugin. -->","yoast_head_json":{"title":"Home - DUOVORM | E-TAIL GROUP","description":"Duovorm E-tail Group collaborates with you to achieve the optimal outcome for your home improvement projects.","robots":{"index":"index","follow":"follow","max-snippet":"max-snippet:-1","max-image-preview":"max-image-preview:large","max-video-preview":"max-video-preview:-1"},"canonical":"https:\/\/duovorm.com\/nl\/","og_locale":"nl_NL","og_type":"article","og_title":"Home - DUOVORM | E-TAIL GROUP","og_description":"Duovorm E-tail Group collaborates with you to achieve the optimal outcome for your home improvement projects.","og_url":"https:\/\/duovorm.com\/nl\/","og_site_name":"DUOVORM | E-TAIL GROUP","article_modified_time":"2026-03-27T10:46:34+00:00","og_image":[{"url":"https:\/\/duovorm.com\/wp-content\/uploads\/2024\/04\/duovorm-1.png","type":"","width":"","height":""}],"twitter_card":"summary_large_image","twitter_misc":{"Geschatte leestijd":"5 minuten"},"schema":{"@context":"https:\/\/schema.org","@graph":[{"@type":"WebPage","@id":"https:\/\/duovorm.com\/","url":"https:\/\/duovorm.com\/","name":"Home - DUOVORM | E-TAIL GROUP","isPartOf":{"@id":"https:\/\/duovorm.com\/#website"},"primaryImageOfPage":{"@id":"https:\/\/duovorm.com\/#primaryimage"},"image":{"@id":"https:\/\/duovorm.com\/#primaryimage"},"thumbnailUrl":"https:\/\/duovorm.com\/wp-content\/uploads\/2024\/04\/duovorm-1.png","datePublished":"2022-06-08T11:49:29+00:00","dateModified":"2026-03-27T10:46:34+00:00","description":"Duovorm E-tail Group collaborates with you to achieve the optimal outcome for your home improvement projects.","breadcrumb":{"@id":"https:\/\/duovorm.com\/#breadcrumb"},"inLanguage":"nl-NL","potentialAction":[{"@type":"ReadAction","target":["https:\/\/duovorm.com\/"]}]},{"@type":"ImageObject","inLanguage":"nl-NL","@id":"https:\/\/duovorm.com\/#primaryimage","url":"https:\/\/duovorm.com\/wp-content\/uploads\/2024\/04\/duovorm-1.png","contentUrl":"https:\/\/duovorm.com\/wp-content\/uploads\/2024\/04\/duovorm-1.png"},{"@type":"BreadcrumbList","@id":"https:\/\/duovorm.com\/#breadcrumb","itemListElement":[{"@type":"ListItem","position":1,"name":"Home","item":"https:\/\/duovorm.com\/"},{"@type":"ListItem","position":2,"name":"Home"}]},{"@type":"WebSite","@id":"https:\/\/duovorm.com\/#website","url":"https:\/\/duovorm.com\/","name":"DUOVORM | E-TAIL GROUP","description":"","publisher":{"@id":"https:\/\/duovorm.com\/#organization"},"potentialAction":[{"@type":"SearchAction","target":{"@type":"EntryPoint","urlTemplate":"https:\/\/duovorm.com\/?s={search_term_string}"},"query-input":{"@type":"PropertyValueSpecification","valueRequired":true,"valueName":"search_term_string"}}],"inLanguage":"nl-NL"},{"@type":"Organization","@id":"https:\/\/duovorm.com\/#organization","name":"DUOVORM | E-TAIL GROUP","url":"https:\/\/duovorm.com\/","logo":{"@type":"ImageObject","inLanguage":"nl-NL","@id":"https:\/\/duovorm.com\/#\/schema\/logo\/image\/","url":"https:\/\/duovorm.com\/wp-content\/uploads\/2024\/03\/duovorm-etg-logo.png","contentUrl":"https:\/\/duovorm.com\/wp-content\/uploads\/2024\/03\/duovorm-etg-logo.png","width":501,"height":92,"caption":"DUOVORM | E-TAIL GROUP"},"image":{"@id":"https:\/\/duovorm.com\/#\/schema\/logo\/image\/"}}]}},"jetpack_sharing_enabled":true,"_links":{"self":[{"href":"https:\/\/duovorm.com\/nl\/wp-json\/wp\/v2\/pages\/14","targetHints":{"allow":["GET"]}}],"collection":[{"href":"https:\/\/duovorm.com\/nl\/wp-json\/wp\/v2\/pages"}],"about":[{"href":"https:\/\/duovorm.com\/nl\/wp-json\/wp\/v2\/types\/page"}],"author":[{"embeddable":true,"href":"https:\/\/duovorm.com\/nl\/wp-json\/wp\/v2\/users\/1"}],"replies":[{"embeddable":true,"href":"https:\/\/duovorm.com\/nl\/wp-json\/wp\/v2\/comments?post=14"}],"version-history":[{"count":3,"href":"https:\/\/duovorm.com\/nl\/wp-json\/wp\/v2\/pages\/14\/revisions"}],"predecessor-version":[{"id":505,"href":"https:\/\/duovorm.com\/nl\/wp-json\/wp\/v2\/pages\/14\/revisions\/505"}],"wp:attachment":[{"href":"https:\/\/duovorm.com\/nl\/wp-json\/wp\/v2\/media?parent=14"}],"curies":[{"name":"wp","href":"https:\/\/api.w.org\/{rel}","templated":true}]}}