{"id":80,"date":"2024-04-04T19:38:56","date_gmt":"2024-04-04T17:38:56","guid":{"rendered":"https:\/\/demo.onderderodeparaplu.nl\/?page_id=80"},"modified":"2026-03-09T12:02:13","modified_gmt":"2026-03-09T11:02:13","slug":"about-us","status":"publish","type":"page","link":"https:\/\/duovorm.com\/nl\/about-us\/","title":{"rendered":"Over ons"},"content":{"rendered":"<h1>Over ons<\/h1>\n<p><strong>Duovorm werkt samen met jou aan het beste klusresultaat. Met meer dan 15.000 producten op voorraad helpen we zowel de professional als de doe-het-zelver bij het realiseren van hun projecten. Duovorm bestaat uit meerdere online shops, om meerdere sectoren te kunnen voorzien van de beste klusbenodigdheden. Onze shops zijn stuk voor stuk opgezet om jouw visie werkelijkheid te laten worden. Naast een enorm assortiment hoogwaardige producten, kun je natuurlijk ook terecht bij Duovorm voor deskundige ondersteuning bij jouw klus, aangeboden door \u00e9\u00e9n van onze specialisten.<\/strong><\/p>\n\t<h2>Duovorm voor verschillende industrie\u00ebn<\/h2>\n<p>Doordat Duovorm uiteenlopende gespecialiseerde shops omvat, kunnen wij verschillende industrie\u00ebn bedienen. Of jouw project nu nog in de kinderschoenen staat of al klaar is om afgerond te worden: voor iedere fase van ieder project bieden onze shops uitkomst.<\/p>\n<h3>Doe-het-zelf en renovatie<\/h3>\n<p>Van kleine verbeteringen in huis tot het opknappen van een boot of grote renovatieprojecten; wij bieden de doe-het-zelver en de klusser alles wat nodig is om hun visie te realiseren. Onze producten vari\u00ebren van meubelbeslag tot gespecialiseerde gereedschappen, waardoor elk thuisproject haalbaar en succesvol wordt.<\/p>\n<h3>Meubelmakers, keukenbouwers en interieurbouwers<\/h3>\n<p>\u00c9cht vakmanschap kan alleen worden neergezet met hoogwaardig meubelbeslag en essenti\u00eble gereedschappen. En wij ondersteunen deze vakmensen maar al te graag! Met een breed scala aan gespecialiseerde producten en materialen, maken we het mogelijk om unieke en op maat gemaakte projecten tot leven te brengen.<\/p>\n<h3>Duovorm voor particulieren en professionals<\/h3>\n<p>Klussen is voor iedereen! Vanuit eigen ervaring hebben we ondervonden dat je geen ervaren of professionele klusser hoeft te zijn, om met de beste materialen te willen werken. Onze shops zijn daarom niet alleen op de professional gericht, maar ook op de hobbyklusser. Met verschillende mogelijkheden zorgen we ervoor dat particulier en professional het beste klusresultaat neer kunnen zetten. De optie om per stuk of per bulk te bestellen, is een voorbeeld van zo\u2019n typerende mogelijkheid.<\/p>\n<figure itemscope itemtype=\"https:\/\/schema.org\/ImageObject\">\n\t\t\t\t<img decoding=\"async\" src=\"https:\/\/duovorm.com\/wp-content\/uploads\/2024\/04\/400156338_830860929040063_5798505920564512046_n.jpg\" alt=\"400156338_830860929040063_5798505920564512046_n\" height=\"1366\" width=\"2048\" title=\"400156338_830860929040063_5798505920564512046_n\" onerror=\"this.style.display='none'\" loading=\"lazy\" \/>\n\t<\/figure>\n<figure itemscope itemtype=\"https:\/\/schema.org\/ImageObject\">\n\t\t\t\t<img decoding=\"async\" src=\"https:\/\/duovorm.com\/wp-content\/uploads\/2024\/06\/pexels-karolina-grabowska-7285920-scaled.jpg\" alt=\"pexels-karolina-grabowska-7285920\" height=\"1707\" width=\"2560\" title=\"pexels-karolina-grabowska-7285920\" onerror=\"this.style.display='none'\" loading=\"lazy\" \/>\n\t<\/figure>\n\t<h2>Onze missie, visie en kernwaarden<\/h2>\n<p>Bij Duovorm vind je alle informatie, materialen en tools die jij nodig hebt voor jouw klus. We zijn dan ook h\u00e9t platform voor ieder type klusser in Nederland, Belgi\u00eb en Duitsland. Onze missie luidt:<\/p>\n<p><em><strong>&#8220;To enhance the ease of repairment projects and to improve the outcome of home renovation projects that are completed in and around the home.&#8221;<\/strong><\/em><\/p>\n<p>Aansluitend werken we, samen met onze partners, leveranciers en klanten, dagelijks aan onze visie:<\/p>\n<p><em><strong>&#8220;To flawlessly execute all projects in and around the home.&#8221;<\/strong><\/em><\/p>\n<p>Hoewel Duovorm meerdere webshops omvat die hoogwaardige gereedschappen en materialen aanbieden, blijft onze focus altijd hetzelfde: het behalen van het best mogelijke resultaat. Een resultaat dat onze kernwaarden weerspiegelt: klantgerichtheid, passie en maatschappelijke verantwoordelijkheid.<\/p>\n\t<h2>Toewijding en maatschappelijke betrokkenheid<\/h2>\n<p>Bij Duovorm durven we onszelf absoluut te omschrijven als organisatie die toegewijd is aan onze klanten, maar zeker ook aan onze mensen en onze omgeving. Dit uit zich in onze kwaliteitsproducten en uitstekende service. Door iedere industrie vanuit onze eigen ervaring te bekijken, begrijpen wij waar de unieke behoeften liggen. We zijn er dan ook trots op dat we bijdragen aan het realiseren van jouw project \u2013 groot of klein. Dat dit op de juiste manier gebeurt, vinden we erg belangrijk. Het bieden van kansen aan mensen met een afstand tot de arbeidsmarkt, geeft een goed beeld van de mogelijkheden die werken bij Duovorm biedt. Maar ook het bieden van een platform voor talentonwikkeling en een verbondenheid met de gemeenschap en lokale sportclubs wordt gezien als een standaard onderdeel van Duovorm.<\/p>\n<h2>Marktbenadering<\/h2>\n<p>Als gewaardeerde partner in de markt, kunnen we vanuit Duovorm n\u00e9t even iets meer bieden. Zo zijn we \u00e9\u00e9n van de drie zorgvuldig geselecteerde H\u00e4fele partnershops. Dit heeft ons een marktpositie opgeleverd, op basis van vertrouwen en kwaliteit, waar we dagelijks trots op zijn.<\/p>\n<figure itemscope itemtype=\"https:\/\/schema.org\/ImageObject\">\n\t\t\t\t<img decoding=\"async\" src=\"https:\/\/duovorm.com\/wp-content\/uploads\/2024\/04\/MagazijnoS8cYDl6WllMo2.png\" alt=\"MagazijnoS8cYDl6WllMo2\" height=\"799\" width=\"1020\" title=\"MagazijnoS8cYDl6WllMo2\" onerror=\"this.style.display='none'\" loading=\"lazy\" \/>\n\t<\/figure>","protected":false},"excerpt":{"rendered":"<p>About us Duovorm collaborates with you to achieve the optimal outcome for your home improvement projects. Stocking over 15,000 products, we accommodate both DIY enthusiasts and professionals in realizing their undertakings. Duovorm comprises of multiple shops, allowing us to cater to diverse sectors with our premium project essentials. Each of these shops is specifically tailored [&hellip;]<\/p>\n","protected":false},"author":1,"featured_media":0,"parent":0,"menu_order":0,"comment_status":"closed","ping_status":"closed","template":"","meta":{"site-sidebar-layout":"no-sidebar","site-content-layout":"page-builder","ast-site-content-layout":"full-width-container","site-content-style":"unboxed","site-sidebar-style":"unboxed","ast-global-header-display":"disabled","ast-banner-title-visibility":"","ast-main-header-display":"","ast-hfb-above-header-display":"","ast-hfb-below-header-display":"","ast-hfb-mobile-header-display":"","site-post-title":"disabled","ast-breadcrumbs-content":"","ast-featured-img":"disabled","footer-sml-layout":"","ast-disable-related-posts":"","theme-transparent-header-meta":"","adv-header-id-meta":"","stick-header-meta":"","header-above-stick-meta":"","header-main-stick-meta":"","header-below-stick-meta":"","astra-migrate-meta-layouts":"set","ast-page-background-enabled":"default","ast-page-background-meta":{"desktop":{"background-color":"var(--ast-global-color-4)","background-image":"","background-repeat":"repeat","background-position":"center center","background-size":"auto","background-attachment":"scroll","background-type":"","background-media":"","overlay-type":"","overlay-color":"","overlay-opacity":"","overlay-gradient":""},"tablet":{"background-color":"","background-image":"","background-repeat":"repeat","background-position":"center center","background-size":"auto","background-attachment":"scroll","background-type":"","background-media":"","overlay-type":"","overlay-color":"","overlay-opacity":"","overlay-gradient":""},"mobile":{"background-color":"","background-image":"","background-repeat":"repeat","background-position":"center center","background-size":"auto","background-attachment":"scroll","background-type":"","background-media":"","overlay-type":"","overlay-color":"","overlay-opacity":"","overlay-gradient":""}},"ast-content-background-meta":{"desktop":{"background-color":"var(--ast-global-color-5)","background-image":"","background-repeat":"repeat","background-position":"center center","background-size":"auto","background-attachment":"scroll","background-type":"","background-media":"","overlay-type":"","overlay-color":"","overlay-opacity":"","overlay-gradient":""},"tablet":{"background-color":"var(--ast-global-color-5)","background-image":"","background-repeat":"repeat","background-position":"center center","background-size":"auto","background-attachment":"scroll","background-type":"","background-media":"","overlay-type":"","overlay-color":"","overlay-opacity":"","overlay-gradient":""},"mobile":{"background-color":"var(--ast-global-color-5)","background-image":"","background-repeat":"repeat","background-position":"center center","background-size":"auto","background-attachment":"scroll","background-type":"","background-media":"","overlay-type":"","overlay-color":"","overlay-opacity":"","overlay-gradient":""}},"footnotes":""},"class_list":["post-80","page","type-page","status-publish","hentry"],"yoast_head":"<!-- This site is optimized with the Yoast SEO plugin v27.5 - https:\/\/yoast.com\/product\/yoast-seo-wordpress\/ -->\n<title>About us - DUOVORM | E-TAIL GROUP<\/title>\n<meta name=\"description\" content=\"Duovorm E-tail Group collaborates with you to achieve the optimal outcome for your home improvement projects. Stocking over 10,000 products, we accommodate both DIY enthusiasts and professionals in realizing their undertakings.\" \/>\n<meta name=\"robots\" content=\"index, follow, max-snippet:-1, max-image-preview:large, max-video-preview:-1\" \/>\n<link rel=\"canonical\" href=\"https:\/\/duovorm.com\/nl\/about-us\/\" \/>\n<meta property=\"og:locale\" content=\"nl_NL\" \/>\n<meta property=\"og:type\" content=\"article\" \/>\n<meta property=\"og:title\" content=\"About us - DUOVORM | E-TAIL GROUP\" \/>\n<meta property=\"og:description\" content=\"Duovorm E-tail Group collaborates with you to achieve the optimal outcome for your home improvement projects. Stocking over 10,000 products, we accommodate both DIY enthusiasts and professionals in realizing their undertakings.\" \/>\n<meta property=\"og:url\" content=\"https:\/\/duovorm.com\/nl\/about-us\/\" \/>\n<meta property=\"og:site_name\" content=\"DUOVORM | E-TAIL GROUP\" \/>\n<meta property=\"article:modified_time\" content=\"2026-03-09T11:02:13+00:00\" \/>\n<meta property=\"og:image\" content=\"https:\/\/duovorm.com\/wp-content\/uploads\/2024\/04\/400156338_830860929040063_5798505920564512046_n.jpg\" \/>\n<meta name=\"twitter:card\" content=\"summary_large_image\" \/>\n<meta name=\"twitter:label1\" content=\"Geschatte leestijd\" \/>\n\t<meta name=\"twitter:data1\" content=\"5 minuten\" \/>\n<script type=\"application\/ld+json\" class=\"yoast-schema-graph\">{\"@context\":\"https:\\\/\\\/schema.org\",\"@graph\":[{\"@type\":\"WebPage\",\"@id\":\"https:\\\/\\\/duovorm.com\\\/about-us\\\/\",\"url\":\"https:\\\/\\\/duovorm.com\\\/about-us\\\/\",\"name\":\"About us - DUOVORM | E-TAIL GROUP\",\"isPartOf\":{\"@id\":\"https:\\\/\\\/duovorm.com\\\/#website\"},\"primaryImageOfPage\":{\"@id\":\"https:\\\/\\\/duovorm.com\\\/about-us\\\/#primaryimage\"},\"image\":{\"@id\":\"https:\\\/\\\/duovorm.com\\\/about-us\\\/#primaryimage\"},\"thumbnailUrl\":\"https:\\\/\\\/duovorm.com\\\/wp-content\\\/uploads\\\/2024\\\/04\\\/400156338_830860929040063_5798505920564512046_n.jpg\",\"datePublished\":\"2024-04-04T17:38:56+00:00\",\"dateModified\":\"2026-03-09T11:02:13+00:00\",\"description\":\"Duovorm E-tail Group collaborates with you to achieve the optimal outcome for your home improvement projects. Stocking over 10,000 products, we accommodate both DIY enthusiasts and professionals in realizing their undertakings.\",\"breadcrumb\":{\"@id\":\"https:\\\/\\\/duovorm.com\\\/about-us\\\/#breadcrumb\"},\"inLanguage\":\"nl-NL\",\"potentialAction\":[{\"@type\":\"ReadAction\",\"target\":[\"https:\\\/\\\/duovorm.com\\\/about-us\\\/\"]}]},{\"@type\":\"ImageObject\",\"inLanguage\":\"nl-NL\",\"@id\":\"https:\\\/\\\/duovorm.com\\\/about-us\\\/#primaryimage\",\"url\":\"https:\\\/\\\/duovorm.com\\\/wp-content\\\/uploads\\\/2024\\\/04\\\/400156338_830860929040063_5798505920564512046_n.jpg\",\"contentUrl\":\"https:\\\/\\\/duovorm.com\\\/wp-content\\\/uploads\\\/2024\\\/04\\\/400156338_830860929040063_5798505920564512046_n.jpg\"},{\"@type\":\"BreadcrumbList\",\"@id\":\"https:\\\/\\\/duovorm.com\\\/about-us\\\/#breadcrumb\",\"itemListElement\":[{\"@type\":\"ListItem\",\"position\":1,\"name\":\"Home\",\"item\":\"https:\\\/\\\/duovorm.com\\\/\"},{\"@type\":\"ListItem\",\"position\":2,\"name\":\"About us\"}]},{\"@type\":\"WebSite\",\"@id\":\"https:\\\/\\\/duovorm.com\\\/#website\",\"url\":\"https:\\\/\\\/duovorm.com\\\/\",\"name\":\"DUOVORM | E-TAIL GROUP\",\"description\":\"\",\"publisher\":{\"@id\":\"https:\\\/\\\/duovorm.com\\\/#organization\"},\"potentialAction\":[{\"@type\":\"SearchAction\",\"target\":{\"@type\":\"EntryPoint\",\"urlTemplate\":\"https:\\\/\\\/duovorm.com\\\/?s={search_term_string}\"},\"query-input\":{\"@type\":\"PropertyValueSpecification\",\"valueRequired\":true,\"valueName\":\"search_term_string\"}}],\"inLanguage\":\"nl-NL\"},{\"@type\":\"Organization\",\"@id\":\"https:\\\/\\\/duovorm.com\\\/#organization\",\"name\":\"DUOVORM | E-TAIL GROUP\",\"url\":\"https:\\\/\\\/duovorm.com\\\/\",\"logo\":{\"@type\":\"ImageObject\",\"inLanguage\":\"nl-NL\",\"@id\":\"https:\\\/\\\/duovorm.com\\\/#\\\/schema\\\/logo\\\/image\\\/\",\"url\":\"https:\\\/\\\/duovorm.com\\\/wp-content\\\/uploads\\\/2024\\\/03\\\/duovorm-etg-logo.png\",\"contentUrl\":\"https:\\\/\\\/duovorm.com\\\/wp-content\\\/uploads\\\/2024\\\/03\\\/duovorm-etg-logo.png\",\"width\":501,\"height\":92,\"caption\":\"DUOVORM | E-TAIL GROUP\"},\"image\":{\"@id\":\"https:\\\/\\\/duovorm.com\\\/#\\\/schema\\\/logo\\\/image\\\/\"}}]}<\/script>\n<!-- \/ Yoast SEO plugin. -->","yoast_head_json":{"title":"About us - DUOVORM | E-TAIL GROUP","description":"Duovorm E-tail Group collaborates with you to achieve the optimal outcome for your home improvement projects. Stocking over 10,000 products, we accommodate both DIY enthusiasts and professionals in realizing their undertakings.","robots":{"index":"index","follow":"follow","max-snippet":"max-snippet:-1","max-image-preview":"max-image-preview:large","max-video-preview":"max-video-preview:-1"},"canonical":"https:\/\/duovorm.com\/nl\/about-us\/","og_locale":"nl_NL","og_type":"article","og_title":"About us - DUOVORM | E-TAIL GROUP","og_description":"Duovorm E-tail Group collaborates with you to achieve the optimal outcome for your home improvement projects. Stocking over 10,000 products, we accommodate both DIY enthusiasts and professionals in realizing their undertakings.","og_url":"https:\/\/duovorm.com\/nl\/about-us\/","og_site_name":"DUOVORM | E-TAIL GROUP","article_modified_time":"2026-03-09T11:02:13+00:00","og_image":[{"url":"https:\/\/duovorm.com\/wp-content\/uploads\/2024\/04\/400156338_830860929040063_5798505920564512046_n.jpg","type":"","width":"","height":""}],"twitter_card":"summary_large_image","twitter_misc":{"Geschatte leestijd":"5 minuten"},"schema":{"@context":"https:\/\/schema.org","@graph":[{"@type":"WebPage","@id":"https:\/\/duovorm.com\/about-us\/","url":"https:\/\/duovorm.com\/about-us\/","name":"About us - DUOVORM | E-TAIL GROUP","isPartOf":{"@id":"https:\/\/duovorm.com\/#website"},"primaryImageOfPage":{"@id":"https:\/\/duovorm.com\/about-us\/#primaryimage"},"image":{"@id":"https:\/\/duovorm.com\/about-us\/#primaryimage"},"thumbnailUrl":"https:\/\/duovorm.com\/wp-content\/uploads\/2024\/04\/400156338_830860929040063_5798505920564512046_n.jpg","datePublished":"2024-04-04T17:38:56+00:00","dateModified":"2026-03-09T11:02:13+00:00","description":"Duovorm E-tail Group collaborates with you to achieve the optimal outcome for your home improvement projects. Stocking over 10,000 products, we accommodate both DIY enthusiasts and professionals in realizing their undertakings.","breadcrumb":{"@id":"https:\/\/duovorm.com\/about-us\/#breadcrumb"},"inLanguage":"nl-NL","potentialAction":[{"@type":"ReadAction","target":["https:\/\/duovorm.com\/about-us\/"]}]},{"@type":"ImageObject","inLanguage":"nl-NL","@id":"https:\/\/duovorm.com\/about-us\/#primaryimage","url":"https:\/\/duovorm.com\/wp-content\/uploads\/2024\/04\/400156338_830860929040063_5798505920564512046_n.jpg","contentUrl":"https:\/\/duovorm.com\/wp-content\/uploads\/2024\/04\/400156338_830860929040063_5798505920564512046_n.jpg"},{"@type":"BreadcrumbList","@id":"https:\/\/duovorm.com\/about-us\/#breadcrumb","itemListElement":[{"@type":"ListItem","position":1,"name":"Home","item":"https:\/\/duovorm.com\/"},{"@type":"ListItem","position":2,"name":"About us"}]},{"@type":"WebSite","@id":"https:\/\/duovorm.com\/#website","url":"https:\/\/duovorm.com\/","name":"DUOVORM | E-TAIL GROUP","description":"","publisher":{"@id":"https:\/\/duovorm.com\/#organization"},"potentialAction":[{"@type":"SearchAction","target":{"@type":"EntryPoint","urlTemplate":"https:\/\/duovorm.com\/?s={search_term_string}"},"query-input":{"@type":"PropertyValueSpecification","valueRequired":true,"valueName":"search_term_string"}}],"inLanguage":"nl-NL"},{"@type":"Organization","@id":"https:\/\/duovorm.com\/#organization","name":"DUOVORM | E-TAIL GROUP","url":"https:\/\/duovorm.com\/","logo":{"@type":"ImageObject","inLanguage":"nl-NL","@id":"https:\/\/duovorm.com\/#\/schema\/logo\/image\/","url":"https:\/\/duovorm.com\/wp-content\/uploads\/2024\/03\/duovorm-etg-logo.png","contentUrl":"https:\/\/duovorm.com\/wp-content\/uploads\/2024\/03\/duovorm-etg-logo.png","width":501,"height":92,"caption":"DUOVORM | E-TAIL GROUP"},"image":{"@id":"https:\/\/duovorm.com\/#\/schema\/logo\/image\/"}}]}},"jetpack_sharing_enabled":true,"_links":{"self":[{"href":"https:\/\/duovorm.com\/nl\/wp-json\/wp\/v2\/pages\/80","targetHints":{"allow":["GET"]}}],"collection":[{"href":"https:\/\/duovorm.com\/nl\/wp-json\/wp\/v2\/pages"}],"about":[{"href":"https:\/\/duovorm.com\/nl\/wp-json\/wp\/v2\/types\/page"}],"author":[{"embeddable":true,"href":"https:\/\/duovorm.com\/nl\/wp-json\/wp\/v2\/users\/1"}],"replies":[{"embeddable":true,"href":"https:\/\/duovorm.com\/nl\/wp-json\/wp\/v2\/comments?post=80"}],"version-history":[{"count":3,"href":"https:\/\/duovorm.com\/nl\/wp-json\/wp\/v2\/pages\/80\/revisions"}],"predecessor-version":[{"id":494,"href":"https:\/\/duovorm.com\/nl\/wp-json\/wp\/v2\/pages\/80\/revisions\/494"}],"wp:attachment":[{"href":"https:\/\/duovorm.com\/nl\/wp-json\/wp\/v2\/media?parent=80"}],"curies":[{"name":"wp","href":"https:\/\/api.w.org\/{rel}","templated":true}]}}