{"id":82,"date":"2024-04-04T19:41:10","date_gmt":"2024-04-04T17:41:10","guid":{"rendered":"https:\/\/demo.onderderodeparaplu.nl\/?page_id=82"},"modified":"2026-03-09T12:09:06","modified_gmt":"2026-03-09T11:09:06","slug":"shops","status":"publish","type":"page","link":"https:\/\/duovorm.com\/nl\/shops\/","title":{"rendered":"Shops"},"content":{"rendered":"<h1>Onze shops<\/h1>\n<p><strong>&#8220;We have the right material for every project.&#8221; We always satisfy this affirmation through our online shops, which each cater to a specific niche in the industry, ensuring top-notch results every time. The subsequent list aims to sum up all shops that are part of the Duovorm.<\/strong><\/p>\n\t<h2>MeubelbeslagOnline<\/h2>\n<p>Meubel, interieur of tuin vanaf het begin zelf opbouwen? Of simpelweg een onderdeel vervangen dat niet meer functioneert of bevalt? <a href=\"http:\/\/www.meubelbeslagonline.nl\">MeubelbeslagOnline<\/a> is er volledig op ingericht om met het grootste gemak het juiste meubel-, interieur-, tuin- en scheepsbeslag te vinden. Kwalitatief, veilig en snel klussen mogelijk maken is het doel. Een enorm assortiment, verdeeld over deze categorie\u00ebn, helpt hierbij. Als \u00e9\u00e9n van de grootste spelers in de vervangingsmarkt, helpen wij jaarlijks meer dan 100.000 klanten aan het juiste onderdeel. Hierbij kun je denken aan scharnieren, ladegeleiders, complete laden, kastinrichtingsystemen en meubelgrepen voor in huis, buitenshuis en zelfs op zee. Onder andere topmerken als Blum, Hettich, Salice en Grass vind je op deze shop.<\/p>\n<figure itemscope itemtype=\"https:\/\/schema.org\/ImageObject\">\n\t\t\t\t<a href=\"http:\/\/www.meubelbeslagonline.nl\"  target=\"_blank\" rel=\"noopener\"  itemprop=\"url\">\n\t\t\t\t<img decoding=\"async\" src=\"https:\/\/duovorm.com\/wp-content\/uploads\/2024\/04\/meubelbeslagonline.png\" alt=\"meubelbeslagonline\" height=\"720\" width=\"1040\" title=\"meubelbeslagonline\" onerror=\"this.style.display='none'\" loading=\"lazy\" \/>\n\t\t\t\t<\/a>\n\t<\/figure>\n<figure itemscope itemtype=\"https:\/\/schema.org\/ImageObject\">\n\t\t\t\t<a href=\"http:\/\/www.klusonderdelen.nl\"  target=\"_blank\" rel=\"noopener\"  itemprop=\"url\">\n\t\t\t\t<img decoding=\"async\" src=\"https:\/\/duovorm.com\/wp-content\/uploads\/2024\/06\/klusonderdelen_shops.png\" alt=\"klusonderdelen_shops\" height=\"3000\" width=\"4334\" title=\"klusonderdelen_shops\" onerror=\"this.style.display='none'\" loading=\"lazy\" \/>\n\t\t\t\t<\/a>\n\t<\/figure>\n\t<h2>KlusOnderdelen<\/h2>\n<p><a href=\"http:\/\/www.klusonderdelen.nl\">KlusOnderdelen<\/a> Voor meubelbeslag en keukenonderdelen kun je terecht bij klusonderdelen.nl. Deze shop heeft een ruim assortiment, waarbinnen verschillende categorie\u00ebn jou helpen aan het juiste onderdeel voor jouw project. Ook bij KlusOnderdelen kun je terecht voor topmerken als Blum, Hettich, Salice en Grass. Alleen het beste is goed genoeg voor jouw klus. Een gedachte die wordt ondersteund door beslag en gereedschap van de hoogste kwaliteit, dat wij aanbieden via KlusOnderdelen.<\/p>\n\t<h2>ScharnierWinkel<\/h2>\n<p>At Scharnierwinkel, you&#8217;ll discover the highest quality in furniture fittings and kitchen components. Our store offers an extensive selection of categories to help you find the perfect parts for your DIY renovation projects at home. Moreover, Scharnierwinkel features top brands such as Blum, Hettich, Salice, and Grass. Only the absolute best is acceptable for your project. This commitment reflects the superior products and tools we provide at Scharnierwinkel.<\/p>\n<figure itemscope itemtype=\"https:\/\/schema.org\/ImageObject\">\n\t\t\t\t<a href=\"http:\/\/www.scharnierwinkel.nl\"  target=\"_self\" itemprop=\"url\">\n\t\t\t\t<img decoding=\"async\" src=\"https:\/\/duovorm.com\/wp-content\/uploads\/2024\/06\/scharnierwinkel.png\" alt=\"scharnierwinkel\" height=\"3000\" width=\"4334\" title=\"scharnierwinkel\" onerror=\"this.style.display='none'\" loading=\"lazy\" \/>\n\t\t\t\t<\/a>\n\t<\/figure>\n<figure itemscope itemtype=\"https:\/\/schema.org\/ImageObject\">\n\t\t\t\t<a href=\"http:\/\/www.meubelbeslagshop.nl\"  target=\"_self\" itemprop=\"url\">\n\t\t\t\t<img decoding=\"async\" src=\"https:\/\/duovorm.com\/wp-content\/uploads\/2025\/07\/meubelbeslagshop-01-scaled.png\" alt=\"meubelbeslagshop\" height=\"1772\" width=\"2560\" title=\"meubelbeslagshop\" onerror=\"this.style.display='none'\" loading=\"lazy\" \/>\n\t\t\t\t<\/a>\n\t<\/figure>\n\t<h2>MeubelbeslagShop<\/h2>\n<p>Meubelbeslagshop.nl offers refined furniture fittings for anyone looking to add that extra touch &#8211; from elegant handles and knobs to smart cabinet interiors and reliable technical fittings. The range combines luxury design with functional quality, ensuring every interior not only looks good but works flawlessly.<\/p>\n<p>Met een breed assortiment, bekende premiummerken en deskundig advies helpt Meubelbeslagshop.nl zowel professionals als doe-het-zelvers om elk detail tot in de puntjes af te werken. Als onderdeel van Duovorm profiteert Meubelbeslagshop.nl van sterke inkoopkracht en een grote voorraad, waardoor snelle levering en een constante kwaliteit gegarandeerd zijn.<\/p>\n\t<h2>MoebelbeschlagShop<\/h2>\n<p>Moebelbeschlagshop.de supplies high-quality furniture fittings for the German market, focusing on refined details &#8211; from elegant handles and knobs to well-designed cabinet interiors and reliable functional hardware. The range combines design, durability and practicality, ensuring that furniture and interiors not only look good but also work flawlessly.<\/p>\n<p>Met een ruime keuze, vertrouwde merken en deskundig advies ondersteunt Moebelbeschlagshop.de zowel professionals als doe-het-zelvers in Duitsland bij het afronden van elk project tot in de kleinste details.<\/p>\n<figure itemscope itemtype=\"https:\/\/schema.org\/ImageObject\">\n\t\t\t\t<a href=\"http:\/\/www.moebelbeschlagshop.de\"  target=\"_self\" itemprop=\"url\">\n\t\t\t\t<img decoding=\"async\" src=\"https:\/\/duovorm.com\/wp-content\/uploads\/2025\/07\/moebelbeschlag-01-scaled.png\" alt=\"moebelbeschlag\" height=\"1772\" width=\"2560\" title=\"moebelbeschlag\" onerror=\"this.style.display='none'\" loading=\"lazy\" \/>\n\t\t\t\t<\/a>\n\t<\/figure>","protected":false},"excerpt":{"rendered":"<p>Our shops &#8220;We have the right material for every project.&#8221; We always satisfy this affirmation through our online shops, which each cater to a specific niche in the industry, ensuring top-notch results every time. The subsequent list aims to sum up all shops that are part of the Duovorm. MeubelbeslagOnline Are you interested in constructing [&hellip;]<\/p>\n","protected":false},"author":1,"featured_media":0,"parent":0,"menu_order":0,"comment_status":"closed","ping_status":"closed","template":"","meta":{"site-sidebar-layout":"no-sidebar","site-content-layout":"page-builder","ast-site-content-layout":"full-width-container","site-content-style":"unboxed","site-sidebar-style":"unboxed","ast-global-header-display":"disabled","ast-banner-title-visibility":"","ast-main-header-display":"","ast-hfb-above-header-display":"","ast-hfb-below-header-display":"","ast-hfb-mobile-header-display":"","site-post-title":"disabled","ast-breadcrumbs-content":"","ast-featured-img":"disabled","footer-sml-layout":"","ast-disable-related-posts":"","theme-transparent-header-meta":"","adv-header-id-meta":"","stick-header-meta":"","header-above-stick-meta":"","header-main-stick-meta":"","header-below-stick-meta":"","astra-migrate-meta-layouts":"set","ast-page-background-enabled":"default","ast-page-background-meta":{"desktop":{"background-color":"var(--ast-global-color-4)","background-image":"","background-repeat":"repeat","background-position":"center center","background-size":"auto","background-attachment":"scroll","background-type":"","background-media":"","overlay-type":"","overlay-color":"","overlay-opacity":"","overlay-gradient":""},"tablet":{"background-color":"","background-image":"","background-repeat":"repeat","background-position":"center center","background-size":"auto","background-attachment":"scroll","background-type":"","background-media":"","overlay-type":"","overlay-color":"","overlay-opacity":"","overlay-gradient":""},"mobile":{"background-color":"","background-image":"","background-repeat":"repeat","background-position":"center center","background-size":"auto","background-attachment":"scroll","background-type":"","background-media":"","overlay-type":"","overlay-color":"","overlay-opacity":"","overlay-gradient":""}},"ast-content-background-meta":{"desktop":{"background-color":"var(--ast-global-color-5)","background-image":"","background-repeat":"repeat","background-position":"center center","background-size":"auto","background-attachment":"scroll","background-type":"","background-media":"","overlay-type":"","overlay-color":"","overlay-opacity":"","overlay-gradient":""},"tablet":{"background-color":"var(--ast-global-color-5)","background-image":"","background-repeat":"repeat","background-position":"center center","background-size":"auto","background-attachment":"scroll","background-type":"","background-media":"","overlay-type":"","overlay-color":"","overlay-opacity":"","overlay-gradient":""},"mobile":{"background-color":"var(--ast-global-color-5)","background-image":"","background-repeat":"repeat","background-position":"center center","background-size":"auto","background-attachment":"scroll","background-type":"","background-media":"","overlay-type":"","overlay-color":"","overlay-opacity":"","overlay-gradient":""}},"footnotes":""},"class_list":["post-82","page","type-page","status-publish","hentry"],"yoast_head":"<!-- This site is optimized with the Yoast SEO plugin v27.4 - https:\/\/yoast.com\/product\/yoast-seo-wordpress\/ -->\n<title>Shops - DUOVORM | E-TAIL GROUP<\/title>\n<meta name=\"description\" content=\"\u201cWe have the right material for every project.\u201d We always satisfy this affirmation through our online shops, which each cater to a specific niche in the industry, ensuring top-notch results every time. The subsequent list aims to sum up all shops that are part of the Duovorm E-tail Group.\" \/>\n<meta name=\"robots\" content=\"index, follow, max-snippet:-1, max-image-preview:large, max-video-preview:-1\" \/>\n<link rel=\"canonical\" href=\"https:\/\/duovorm.com\/nl\/shops\/\" \/>\n<meta property=\"og:locale\" content=\"nl_NL\" \/>\n<meta property=\"og:type\" content=\"article\" \/>\n<meta property=\"og:title\" content=\"Shops - DUOVORM | E-TAIL GROUP\" \/>\n<meta property=\"og:description\" content=\"\u201cWe have the right material for every project.\u201d We always satisfy this affirmation through our online shops, which each cater to a specific niche in the industry, ensuring top-notch results every time. The subsequent list aims to sum up all shops that are part of the Duovorm E-tail Group.\" \/>\n<meta property=\"og:url\" content=\"https:\/\/duovorm.com\/nl\/shops\/\" \/>\n<meta property=\"og:site_name\" content=\"DUOVORM | E-TAIL GROUP\" \/>\n<meta property=\"article:modified_time\" content=\"2026-03-09T11:09:06+00:00\" \/>\n<meta property=\"og:image\" content=\"https:\/\/duovorm.com\/wp-content\/uploads\/2024\/04\/meubelbeslagonline.png\" \/>\n<meta name=\"twitter:card\" content=\"summary_large_image\" \/>\n<meta name=\"twitter:label1\" content=\"Geschatte leestijd\" \/>\n\t<meta name=\"twitter:data1\" content=\"4 minuten\" \/>\n<script type=\"application\/ld+json\" class=\"yoast-schema-graph\">{\"@context\":\"https:\\\/\\\/schema.org\",\"@graph\":[{\"@type\":\"WebPage\",\"@id\":\"https:\\\/\\\/duovorm.com\\\/shops\\\/\",\"url\":\"https:\\\/\\\/duovorm.com\\\/shops\\\/\",\"name\":\"Shops - DUOVORM | E-TAIL GROUP\",\"isPartOf\":{\"@id\":\"https:\\\/\\\/duovorm.com\\\/#website\"},\"primaryImageOfPage\":{\"@id\":\"https:\\\/\\\/duovorm.com\\\/shops\\\/#primaryimage\"},\"image\":{\"@id\":\"https:\\\/\\\/duovorm.com\\\/shops\\\/#primaryimage\"},\"thumbnailUrl\":\"https:\\\/\\\/duovorm.com\\\/wp-content\\\/uploads\\\/2024\\\/04\\\/meubelbeslagonline.png\",\"datePublished\":\"2024-04-04T17:41:10+00:00\",\"dateModified\":\"2026-03-09T11:09:06+00:00\",\"description\":\"\u201cWe have the right material for every project.\u201d We always satisfy this affirmation through our online shops, which each cater to a specific niche in the industry, ensuring top-notch results every time. The subsequent list aims to sum up all shops that are part of the Duovorm E-tail Group.\",\"breadcrumb\":{\"@id\":\"https:\\\/\\\/duovorm.com\\\/shops\\\/#breadcrumb\"},\"inLanguage\":\"nl-NL\",\"potentialAction\":[{\"@type\":\"ReadAction\",\"target\":[\"https:\\\/\\\/duovorm.com\\\/shops\\\/\"]}]},{\"@type\":\"ImageObject\",\"inLanguage\":\"nl-NL\",\"@id\":\"https:\\\/\\\/duovorm.com\\\/shops\\\/#primaryimage\",\"url\":\"https:\\\/\\\/duovorm.com\\\/wp-content\\\/uploads\\\/2024\\\/04\\\/meubelbeslagonline.png\",\"contentUrl\":\"https:\\\/\\\/duovorm.com\\\/wp-content\\\/uploads\\\/2024\\\/04\\\/meubelbeslagonline.png\"},{\"@type\":\"BreadcrumbList\",\"@id\":\"https:\\\/\\\/duovorm.com\\\/shops\\\/#breadcrumb\",\"itemListElement\":[{\"@type\":\"ListItem\",\"position\":1,\"name\":\"Home\",\"item\":\"https:\\\/\\\/duovorm.com\\\/\"},{\"@type\":\"ListItem\",\"position\":2,\"name\":\"Shops\"}]},{\"@type\":\"WebSite\",\"@id\":\"https:\\\/\\\/duovorm.com\\\/#website\",\"url\":\"https:\\\/\\\/duovorm.com\\\/\",\"name\":\"DUOVORM | E-TAIL GROUP\",\"description\":\"\",\"publisher\":{\"@id\":\"https:\\\/\\\/duovorm.com\\\/#organization\"},\"potentialAction\":[{\"@type\":\"SearchAction\",\"target\":{\"@type\":\"EntryPoint\",\"urlTemplate\":\"https:\\\/\\\/duovorm.com\\\/?s={search_term_string}\"},\"query-input\":{\"@type\":\"PropertyValueSpecification\",\"valueRequired\":true,\"valueName\":\"search_term_string\"}}],\"inLanguage\":\"nl-NL\"},{\"@type\":\"Organization\",\"@id\":\"https:\\\/\\\/duovorm.com\\\/#organization\",\"name\":\"DUOVORM | E-TAIL GROUP\",\"url\":\"https:\\\/\\\/duovorm.com\\\/\",\"logo\":{\"@type\":\"ImageObject\",\"inLanguage\":\"nl-NL\",\"@id\":\"https:\\\/\\\/duovorm.com\\\/#\\\/schema\\\/logo\\\/image\\\/\",\"url\":\"https:\\\/\\\/duovorm.com\\\/wp-content\\\/uploads\\\/2024\\\/03\\\/duovorm-etg-logo.png\",\"contentUrl\":\"https:\\\/\\\/duovorm.com\\\/wp-content\\\/uploads\\\/2024\\\/03\\\/duovorm-etg-logo.png\",\"width\":501,\"height\":92,\"caption\":\"DUOVORM | E-TAIL GROUP\"},\"image\":{\"@id\":\"https:\\\/\\\/duovorm.com\\\/#\\\/schema\\\/logo\\\/image\\\/\"}}]}<\/script>\n<!-- \/ Yoast SEO plugin. -->","yoast_head_json":{"title":"Shops - DUOVORM | E-TAIL GROUP","description":"\u201cWij hebben voor iedere klus het juiste materiaal.\" Die uitspraak maken we waar via onze online shops, die ieder een eigen niche van de klusmarkt helpen bij het leveren van topwerk. Onderstaande shops zijn stuk voor stuk onderdeel van de Duovorm E-tail Group.","robots":{"index":"index","follow":"follow","max-snippet":"max-snippet:-1","max-image-preview":"max-image-preview:large","max-video-preview":"max-video-preview:-1"},"canonical":"https:\/\/duovorm.com\/nl\/shops\/","og_locale":"nl_NL","og_type":"article","og_title":"Shops - DUOVORM | E-TAIL GROUP","og_description":"\u201cWe have the right material for every project.\u201d We always satisfy this affirmation through our online shops, which each cater to a specific niche in the industry, ensuring top-notch results every time. The subsequent list aims to sum up all shops that are part of the Duovorm E-tail Group.","og_url":"https:\/\/duovorm.com\/nl\/shops\/","og_site_name":"DUOVORM | E-TAIL GROUP","article_modified_time":"2026-03-09T11:09:06+00:00","og_image":[{"url":"https:\/\/duovorm.com\/wp-content\/uploads\/2024\/04\/meubelbeslagonline.png","type":"","width":"","height":""}],"twitter_card":"summary_large_image","twitter_misc":{"Geschatte leestijd":"4 minuten"},"schema":{"@context":"https:\/\/schema.org","@graph":[{"@type":"WebPage","@id":"https:\/\/duovorm.com\/shops\/","url":"https:\/\/duovorm.com\/shops\/","name":"Shops - DUOVORM | E-TAIL GROUP","isPartOf":{"@id":"https:\/\/duovorm.com\/#website"},"primaryImageOfPage":{"@id":"https:\/\/duovorm.com\/shops\/#primaryimage"},"image":{"@id":"https:\/\/duovorm.com\/shops\/#primaryimage"},"thumbnailUrl":"https:\/\/duovorm.com\/wp-content\/uploads\/2024\/04\/meubelbeslagonline.png","datePublished":"2024-04-04T17:41:10+00:00","dateModified":"2026-03-09T11:09:06+00:00","description":"\u201cWij hebben voor iedere klus het juiste materiaal.\" Die uitspraak maken we waar via onze online shops, die ieder een eigen niche van de klusmarkt helpen bij het leveren van topwerk. Onderstaande shops zijn stuk voor stuk onderdeel van de Duovorm E-tail Group.","breadcrumb":{"@id":"https:\/\/duovorm.com\/shops\/#breadcrumb"},"inLanguage":"nl-NL","potentialAction":[{"@type":"ReadAction","target":["https:\/\/duovorm.com\/shops\/"]}]},{"@type":"ImageObject","inLanguage":"nl-NL","@id":"https:\/\/duovorm.com\/shops\/#primaryimage","url":"https:\/\/duovorm.com\/wp-content\/uploads\/2024\/04\/meubelbeslagonline.png","contentUrl":"https:\/\/duovorm.com\/wp-content\/uploads\/2024\/04\/meubelbeslagonline.png"},{"@type":"BreadcrumbList","@id":"https:\/\/duovorm.com\/shops\/#breadcrumb","itemListElement":[{"@type":"ListItem","position":1,"name":"Home","item":"https:\/\/duovorm.com\/"},{"@type":"ListItem","position":2,"name":"Shops"}]},{"@type":"WebSite","@id":"https:\/\/duovorm.com\/#website","url":"https:\/\/duovorm.com\/","name":"DUOVORM | E-TAIL GROUP","description":"","publisher":{"@id":"https:\/\/duovorm.com\/#organization"},"potentialAction":[{"@type":"SearchAction","target":{"@type":"EntryPoint","urlTemplate":"https:\/\/duovorm.com\/?s={search_term_string}"},"query-input":{"@type":"PropertyValueSpecification","valueRequired":true,"valueName":"search_term_string"}}],"inLanguage":"nl-NL"},{"@type":"Organization","@id":"https:\/\/duovorm.com\/#organization","name":"DUOVORM | E-TAIL GROUP","url":"https:\/\/duovorm.com\/","logo":{"@type":"ImageObject","inLanguage":"nl-NL","@id":"https:\/\/duovorm.com\/#\/schema\/logo\/image\/","url":"https:\/\/duovorm.com\/wp-content\/uploads\/2024\/03\/duovorm-etg-logo.png","contentUrl":"https:\/\/duovorm.com\/wp-content\/uploads\/2024\/03\/duovorm-etg-logo.png","width":501,"height":92,"caption":"DUOVORM | E-TAIL GROUP"},"image":{"@id":"https:\/\/duovorm.com\/#\/schema\/logo\/image\/"}}]}},"jetpack_sharing_enabled":true,"_links":{"self":[{"href":"https:\/\/duovorm.com\/nl\/wp-json\/wp\/v2\/pages\/82","targetHints":{"allow":["GET"]}}],"collection":[{"href":"https:\/\/duovorm.com\/nl\/wp-json\/wp\/v2\/pages"}],"about":[{"href":"https:\/\/duovorm.com\/nl\/wp-json\/wp\/v2\/types\/page"}],"author":[{"embeddable":true,"href":"https:\/\/duovorm.com\/nl\/wp-json\/wp\/v2\/users\/1"}],"replies":[{"embeddable":true,"href":"https:\/\/duovorm.com\/nl\/wp-json\/wp\/v2\/comments?post=82"}],"version-history":[{"count":3,"href":"https:\/\/duovorm.com\/nl\/wp-json\/wp\/v2\/pages\/82\/revisions"}],"predecessor-version":[{"id":495,"href":"https:\/\/duovorm.com\/nl\/wp-json\/wp\/v2\/pages\/82\/revisions\/495"}],"wp:attachment":[{"href":"https:\/\/duovorm.com\/nl\/wp-json\/wp\/v2\/media?parent=82"}],"curies":[{"name":"wp","href":"https:\/\/api.w.org\/{rel}","templated":true}]}}